{"id":324,"date":"2023-11-02T23:59:55","date_gmt":"2023-11-02T21:59:55","guid":{"rendered":"https:\/\/pontoncroissanteria.es\/?page_id=324"},"modified":"2024-12-04T13:57:48","modified_gmt":"2024-12-04T11:57:48","slug":"nuestros-productos","status":"publish","type":"page","link":"https:\/\/pasteleriaponton.es\/index.php\/nuestros-productos\/","title":{"rendered":"NUESTROS PRODUCTOS"},"content":{"rendered":"\n<h2 class=\"wp-block-heading\">UNA AMPLIA GAMA DE DELICIAS<\/h2>\n\n\n\n<p class=\"has-medium-font-size\">Le invitamos a explorar en detalle nuestra extensa selecci\u00f3n de productos artesanales que deleitar\u00e1n sus sentidos:<\/p>\n\n\n\n<blockquote class=\"wp-block-quote is-style-plain is-layout-flow wp-container-core-quote-is-layout-e477b21d wp-block-quote-is-layout-flow is-style-plain--1\" style=\"margin-top:var(--wp--preset--spacing--50);margin-bottom:var(--wp--preset--spacing--50);padding-right:var(--wp--preset--spacing--50);padding-left:var(--wp--preset--spacing--50)\">\n<h1 class=\"wp-block-heading is-style-default has-large-font-size\">Boller\u00eda <\/h1>\n\n\n\n<p class=\"is-style-default has-roboto-font-family has-medium-font-size\" style=\"font-style:normal;font-weight:100\">Desde nuestros cl\u00e1sicos Croissants hasta Pa\u00f1uelos de Crema y Manzana, as\u00ed como deliciosas Caracolas de frutas, Cinnamon Rolls y Napolitanas que lo transportar\u00e1n a un mundo de placer gastron\u00f3mico.<\/p>\n\n\n\n<h1 class=\"wp-block-heading is-style-default has-large-font-size\">Mini Boller\u00eda<\/h1>\n\n\n\n<p class=\"has-roboto-font-family has-medium-font-size\" style=\"font-style:normal;font-weight:100\">Nuestra variada selecci\u00f3n de Croissants rellenos le conquistar\u00e1 con sabores como Frambuesa, Moka, Lemon Pie, Dulce de Leche, Queso Crema, Pistacho, Crema, Nata, Gianduja, Lotus, Oreo, San Marcos y Mango. No deje de probar nuestro Especial de la Casa: el Croissant con Crema Tostada.<\/p>\n\n\n\n<figure class=\"wp-block-gallery has-nested-images columns-default is-cropped wp-block-gallery-2 is-layout-flex wp-block-gallery-is-layout-flex\">\n<figure class=\"wp-block-image size-full\" style=\"margin-top:0;margin-right:0;margin-bottom:0;margin-left:0\"><img loading=\"lazy\" decoding=\"async\" width=\"800\" height=\"533\" data-id=\"379\" src=\"https:\/\/pasteleriaponton.es\/wp-content\/uploads\/2023\/11\/image1-6.png\" alt=\"\" class=\"wp-image-379\" srcset=\"https:\/\/pasteleriaponton.es\/wp-content\/uploads\/2023\/11\/image1-6.png 800w, https:\/\/pasteleriaponton.es\/wp-content\/uploads\/2023\/11\/image1-6-300x200.png 300w, https:\/\/pasteleriaponton.es\/wp-content\/uploads\/2023\/11\/image1-6-768x512.png 768w\" sizes=\"auto, (max-width: 800px) 100vw, 800px\" \/><\/figure>\n\n\n\n<figure class=\"wp-block-image size-full\"><img loading=\"lazy\" decoding=\"async\" width=\"800\" height=\"533\" data-id=\"380\" src=\"https:\/\/pasteleriaponton.es\/wp-content\/uploads\/2023\/11\/image1-1.png\" alt=\"\" class=\"wp-image-380\" srcset=\"https:\/\/pasteleriaponton.es\/wp-content\/uploads\/2023\/11\/image1-1.png 800w, https:\/\/pasteleriaponton.es\/wp-content\/uploads\/2023\/11\/image1-1-300x200.png 300w, https:\/\/pasteleriaponton.es\/wp-content\/uploads\/2023\/11\/image1-1-768x512.png 768w\" sizes=\"auto, (max-width: 800px) 100vw, 800px\" \/><\/figure>\n\n\n\n<figure class=\"wp-block-image size-full\"><img loading=\"lazy\" decoding=\"async\" width=\"800\" height=\"533\" data-id=\"381\" src=\"https:\/\/pasteleriaponton.es\/wp-content\/uploads\/2023\/11\/image2-1.png\" alt=\"\" class=\"wp-image-381\" srcset=\"https:\/\/pasteleriaponton.es\/wp-content\/uploads\/2023\/11\/image2-1.png 800w, https:\/\/pasteleriaponton.es\/wp-content\/uploads\/2023\/11\/image2-1-300x200.png 300w, https:\/\/pasteleriaponton.es\/wp-content\/uploads\/2023\/11\/image2-1-768x512.png 768w\" sizes=\"auto, (max-width: 800px) 100vw, 800px\" \/><\/figure>\n<\/figure>\n<\/blockquote>\n\n\n\n<blockquote class=\"wp-block-quote is-style-plain is-layout-flow wp-container-core-quote-is-layout-e477b21d wp-block-quote-is-layout-flow is-style-plain--3\" style=\"margin-top:var(--wp--preset--spacing--50);margin-bottom:var(--wp--preset--spacing--50);padding-right:var(--wp--preset--spacing--50);padding-left:var(--wp--preset--spacing--50)\">\n<h1 class=\"wp-block-heading is-style-default has-large-font-size\">Brioche <\/h1>\n\n\n\n<p class=\"is-style-default has-roboto-font-family has-medium-font-size\" style=\"font-style:normal;font-weight:100\">Disfrute de nuestras exquisitas creaciones como Cristina, Bambas y Pepitos, que encarnan la suavidad y calidad de primera.<\/p>\n\n\n\n<h1 class=\"wp-block-heading is-style-default has-large-font-size\">Dulces de Temporada <\/h1>\n\n\n\n<p class=\"has-roboto-font-family has-medium-font-size\" style=\"font-style:normal;font-weight:100\">En cada estaci\u00f3n, ofrecemos delicias especiales como Bu\u00f1uelos, Huesos, Coronas, Troncos de Navidad y Roscones, que a\u00f1aden un toque de encanto a cualquier ocasi\u00f3n.<\/p>\n\n\n\n<figure class=\"wp-block-gallery has-nested-images columns-default is-cropped wp-block-gallery-4 is-layout-flex wp-block-gallery-is-layout-flex\">\n<figure class=\"wp-block-image size-full\" style=\"margin-top:0;margin-right:0;margin-bottom:0;margin-left:0\"><img loading=\"lazy\" decoding=\"async\" width=\"800\" height=\"533\" data-id=\"192\" src=\"https:\/\/pasteleriaponton.es\/wp-content\/uploads\/2023\/10\/inicio2.png\" alt=\"\" class=\"wp-image-192\" srcset=\"https:\/\/pasteleriaponton.es\/wp-content\/uploads\/2023\/10\/inicio2.png 800w, https:\/\/pasteleriaponton.es\/wp-content\/uploads\/2023\/10\/inicio2-300x200.png 300w, https:\/\/pasteleriaponton.es\/wp-content\/uploads\/2023\/10\/inicio2-768x512.png 768w\" sizes=\"auto, (max-width: 800px) 100vw, 800px\" \/><\/figure>\n\n\n\n<figure class=\"wp-block-image size-full\"><img loading=\"lazy\" decoding=\"async\" width=\"800\" height=\"533\" data-id=\"193\" src=\"https:\/\/pasteleriaponton.es\/wp-content\/uploads\/2023\/10\/inicio3.png\" alt=\"\" class=\"wp-image-193\" srcset=\"https:\/\/pasteleriaponton.es\/wp-content\/uploads\/2023\/10\/inicio3.png 800w, https:\/\/pasteleriaponton.es\/wp-content\/uploads\/2023\/10\/inicio3-300x200.png 300w, https:\/\/pasteleriaponton.es\/wp-content\/uploads\/2023\/10\/inicio3-768x512.png 768w\" sizes=\"auto, (max-width: 800px) 100vw, 800px\" \/><\/figure>\n\n\n\n<figure class=\"wp-block-image size-full\"><img loading=\"lazy\" decoding=\"async\" width=\"800\" height=\"533\" data-id=\"194\" src=\"https:\/\/pasteleriaponton.es\/wp-content\/uploads\/2023\/10\/inicio4.png\" alt=\"\" class=\"wp-image-194\" srcset=\"https:\/\/pasteleriaponton.es\/wp-content\/uploads\/2023\/10\/inicio4.png 800w, https:\/\/pasteleriaponton.es\/wp-content\/uploads\/2023\/10\/inicio4-300x200.png 300w, https:\/\/pasteleriaponton.es\/wp-content\/uploads\/2023\/10\/inicio4-768x512.png 768w\" sizes=\"auto, (max-width: 800px) 100vw, 800px\" \/><\/figure>\n<\/figure>\n<\/blockquote>\n","protected":false},"excerpt":{"rendered":"<p>UNA AMPLIA GAMA DE DELICIAS Le invitamos a explorar en detalle nuestra extensa selecci\u00f3n de productos artesanales que deleitar\u00e1n sus sentidos:<\/p>\n","protected":false},"author":1,"featured_media":0,"parent":0,"menu_order":2,"comment_status":"closed","ping_status":"closed","template":"","meta":{"inline_featured_image":false,"footnotes":""},"class_list":["post-324","page","type-page","status-publish","hentry"],"_links":{"self":[{"href":"https:\/\/pasteleriaponton.es\/index.php\/wp-json\/wp\/v2\/pages\/324","targetHints":{"allow":["GET"]}}],"collection":[{"href":"https:\/\/pasteleriaponton.es\/index.php\/wp-json\/wp\/v2\/pages"}],"about":[{"href":"https:\/\/pasteleriaponton.es\/index.php\/wp-json\/wp\/v2\/types\/page"}],"author":[{"embeddable":true,"href":"https:\/\/pasteleriaponton.es\/index.php\/wp-json\/wp\/v2\/users\/1"}],"replies":[{"embeddable":true,"href":"https:\/\/pasteleriaponton.es\/index.php\/wp-json\/wp\/v2\/comments?post=324"}],"version-history":[{"count":27,"href":"https:\/\/pasteleriaponton.es\/index.php\/wp-json\/wp\/v2\/pages\/324\/revisions"}],"predecessor-version":[{"id":546,"href":"https:\/\/pasteleriaponton.es\/index.php\/wp-json\/wp\/v2\/pages\/324\/revisions\/546"}],"wp:attachment":[{"href":"https:\/\/pasteleriaponton.es\/index.php\/wp-json\/wp\/v2\/media?parent=324"}],"curies":[{"name":"wp","href":"https:\/\/api.w.org\/{rel}","templated":true}]}}