{"id":221,"date":"2023-10-15T10:07:13","date_gmt":"2023-10-15T08:07:13","guid":{"rendered":"https:\/\/pontoncroissanteria.es\/?page_id=221"},"modified":"2024-12-04T13:56:15","modified_gmt":"2024-12-04T11:56:15","slug":"sobre-nosotros","status":"publish","type":"page","link":"https:\/\/pasteleriaponton.es\/index.php\/sobre-nosotros\/","title":{"rendered":"SOBRE NOSOTROS"},"content":{"rendered":"\n<div class=\"wp-block-group is-layout-flow wp-block-group-is-layout-flow\">\n<h2 class=\"wp-block-heading\">QUI\u00c9NES SOMOS<\/h2>\n\n\n\n<p class=\"text-align: justify-all\">En el coraz\u00f3n de la tradici\u00f3n repostera, nace <strong>Pont\u00f3n<\/strong>, una empresa familiar de <strong>San Lorenzo de El Escorial<\/strong> que trasciende dos generaciones y se remonta a <strong>1985<\/strong>.&nbsp;<\/p>\n\n\n\n<p>Nuestra familia ha estado dedicada durante d\u00e9cadas a la elaboraci\u00f3n de productos excepcionales, forjando una relaci\u00f3n especial con nuestros clientes.&nbsp;<\/p>\n\n\n\n<p>Como continuadores de una tradici\u00f3n con m\u00e1s de tres d\u00e9cadas de historia, en Pont\u00f3n estamos orgullosos de compartir nuestra herencia de sabor y calidad.<\/p>\n\n\n\n<hr class=\"wp-block-separator has-text-color has-ast-global-color-0-color has-alpha-channel-opacity has-ast-global-color-0-background-color has-background is-style-wide is-style-wide--1\" style=\"margin-top:var(--wp--preset--spacing--40);margin-bottom:var(--wp--preset--spacing--40)\"\/>\n\n\n\n<h2 class=\"wp-block-heading\">NUESTRA PASI\u00d3N POR LO ARTESANAL<\/h2>\n\n\n\n<p>En Pont\u00f3n, creemos firmemente que la autenticidad es el fundamento de la excelencia. Hemos adoptado un compromiso inquebrantable con la utilizaci\u00f3n de <strong>ingredientes 100% naturales<\/strong> de la m\u00e1s alta calidad en todas nuestras recetas.&nbsp;<\/p>\n\n\n\n<p>Cada ingrediente, desde las harinas hasta las materias primas, es cuidadosamente seleccionado para garantizar que nuestros productos alcancen los niveles de perfecci\u00f3n que nuestros clientes merecen.&nbsp;<\/p>\n\n\n\n<p>Nuestra dedicaci\u00f3n a la artesan\u00eda se refleja en cada croissant que sale de nuestro horno.<\/p>\n\n\n\n<hr class=\"wp-block-separator has-text-color has-ast-global-color-0-color has-alpha-channel-opacity has-ast-global-color-0-background-color has-background is-style-wide is-style-wide--2\" style=\"margin-top:var(--wp--preset--spacing--40);margin-bottom:var(--wp--preset--spacing--40)\"\/>\n\n\n\n<h2 class=\"wp-block-heading\">FRESCURA DIARIA<\/h2>\n\n\n\n<p>En nuestro af\u00e1n por ofrecer lo mejor, <strong>elaboramos todos nuestros productos diariamente<\/strong>. Esto asegura que nuestros clientes puedan disfrutar de la frescura y el sabor excepcionales que solo un producto reci\u00e9n horneado puede proporcionar.&nbsp;<\/p>\n\n\n\n<p>Cada paso de nuestro proceso de producci\u00f3n se lleva a cabo con el m\u00e1ximo cuidado y cari\u00f1o, porque creemos que cada bocado debe ser una experiencia \u00fanica.&nbsp;<\/p>\n\n\n\n<p>En Pont\u00f3n, estamos comprometidos a deleitar tus sentidos con un sabor que simplemente no encontrar\u00e1s en ning\u00fan otro lugar.<\/p>\n<\/div>\n","protected":false},"excerpt":{"rendered":"<p>QUI\u00c9NES SOMOS En el coraz\u00f3n de la tradici\u00f3n repostera, nace Pont\u00f3n, una empresa familiar de San Lorenzo de El Escorial que trasciende dos generaciones y se remonta a 1985.&nbsp; Nuestra familia ha estado dedicada durante d\u00e9cadas a la elaboraci\u00f3n de productos excepcionales, forjando una relaci\u00f3n especial con nuestros clientes.&nbsp; Como continuadores de una tradici\u00f3n con [&hellip;]<\/p>\n","protected":false},"author":1,"featured_media":0,"parent":0,"menu_order":1,"comment_status":"closed","ping_status":"closed","template":"","meta":{"inline_featured_image":false,"footnotes":""},"class_list":["post-221","page","type-page","status-publish","hentry"],"_links":{"self":[{"href":"https:\/\/pasteleriaponton.es\/index.php\/wp-json\/wp\/v2\/pages\/221","targetHints":{"allow":["GET"]}}],"collection":[{"href":"https:\/\/pasteleriaponton.es\/index.php\/wp-json\/wp\/v2\/pages"}],"about":[{"href":"https:\/\/pasteleriaponton.es\/index.php\/wp-json\/wp\/v2\/types\/page"}],"author":[{"embeddable":true,"href":"https:\/\/pasteleriaponton.es\/index.php\/wp-json\/wp\/v2\/users\/1"}],"replies":[{"embeddable":true,"href":"https:\/\/pasteleriaponton.es\/index.php\/wp-json\/wp\/v2\/comments?post=221"}],"version-history":[{"count":78,"href":"https:\/\/pasteleriaponton.es\/index.php\/wp-json\/wp\/v2\/pages\/221\/revisions"}],"predecessor-version":[{"id":675,"href":"https:\/\/pasteleriaponton.es\/index.php\/wp-json\/wp\/v2\/pages\/221\/revisions\/675"}],"wp:attachment":[{"href":"https:\/\/pasteleriaponton.es\/index.php\/wp-json\/wp\/v2\/media?parent=221"}],"curies":[{"name":"wp","href":"https:\/\/api.w.org\/{rel}","templated":true}]}}